{"id":590,"date":"2022-10-17T22:28:33","date_gmt":"2022-10-17T19:28:33","guid":{"rendered":"http:\/\/212.83.131.190\/antifrostnew\/?post_type=product&#038;p=590"},"modified":"2023-11-26T16:32:23","modified_gmt":"2023-11-26T13:32:23","slug":"mmmd-andromache","status":"publish","type":"product","link":"https:\/\/www.antifrost.gr\/index.php\/product\/mmmd-andromache\/","title":{"rendered":"MMMD &#8211; Andromache"},"content":{"rendered":"<div>Released January 2018<\/div>\n<div><\/div>\n<div class=\"tralbumData tralbum-about\">Andromache is an unforeseen homage to an unfamiliar friend.<br \/>\nRecorded over a five year period on abandoned and ruined pianos all over Europe, the project culminated inside a death-struck apartment in the south of Athens.<br \/>\nAndromache includes new re-worked versions of previously released pieces from the MMMD discography.<br \/>\nRecorded 2012-2017 in Copenhagen, Lausanne, Budapest, Kallithea<span style=\"color: var(--colorfont); font-family: -apple-system, BlinkMacSystemFont, 'Segoe UI', Roboto, Oxygen-Sans, Ubuntu, Cantarell, 'Helvetica Neue', sans-serif; font-size: 1rem; letter-spacing: 0.02em;\">Track list<\/span><\/div>\n<ul>\n<li>Adar Toli (kalbak)<\/li>\n<li>Grad (kalbak)<\/li>\n<li>Ankourajman (kalbak)<\/li>\n<li>Ez az ember (kobak)<\/li>\n<li>Az \u00e1lmok itt \u00e9rnek v\u00e9get (kalbak)<\/li>\n<li>Neporioniai kakaowa (laubak)<\/li>\n<li>Tromakton (kalbak)<\/li>\n<\/ul>\n<div class=\"tralbumData tralbum-about\">MMMD: piano, sine waves<\/div>\n","protected":false},"excerpt":{"rendered":"<p>Afro 2076<\/p>\n<p><span style=\"color: #29aae2;\">Cassette [acf field=\"cassette\"]<\/span><br \/>\n<span style=\"color: #29aae2;\">Digital [acf field=\"digital\"]<\/span><\/p>\n<p><a href=\"https:\/\/mohammadsound.bandcamp.com\/album\/andromache\" target=\"_blank\" rel=\"noopener\"><img decoding=\"async\" class=\"alignnone size-full wp-image-471\" src=\"http:\/\/212.83.131.190\/antifrostnew\/wp-content\/uploads\/2022\/10\/BuyButton.png\" alt=\"\" width=\"100\" height=\"25\" \/><\/a><\/p>\n","protected":false},"featured_media":593,"template":"","meta":{"_acf_changed":false},"product_brand":[],"product_cat":[33,35],"product_tag":[92,41,39,37,30,36],"class_list":{"0":"post-590","1":"product","2":"type-product","3":"status-publish","4":"has-post-thumbnail","6":"product_cat-cassette","7":"product_cat-digital","8":"product_tag-antifrost","9":"product_tag-chamber","10":"product_tag-doom","11":"product_tag-drone","12":"product_tag-experimental","13":"product_tag-mmmd","15":"first","16":"instock","17":"shipping-taxable","18":"purchasable","19":"product-type-simple"},"acf":[],"yoast_head":"<!-- This site is optimized with the Yoast SEO plugin v27.5 - https:\/\/yoast.com\/product\/yoast-seo-wordpress\/ -->\n<title>MMMD - Andromache - Antifrost<\/title>\n<meta name=\"robots\" content=\"index, follow, max-snippet:-1, max-image-preview:large, max-video-preview:-1\" \/>\n<link rel=\"canonical\" href=\"https:\/\/www.antifrost.gr\/index.php\/product\/mmmd-andromache\/\" \/>\n<meta property=\"og:locale\" content=\"en_US\" \/>\n<meta property=\"og:type\" content=\"article\" \/>\n<meta property=\"og:title\" content=\"MMMD - Andromache - Antifrost\" \/>\n<meta property=\"og:description\" content=\"Afro 2076  Cassette  Digital\" \/>\n<meta property=\"og:url\" content=\"https:\/\/www.antifrost.gr\/index.php\/product\/mmmd-andromache\/\" \/>\n<meta property=\"og:site_name\" content=\"Antifrost\" \/>\n<meta property=\"article:modified_time\" content=\"2023-11-26T13:32:23+00:00\" \/>\n<meta property=\"og:image\" content=\"https:\/\/www.antifrost.gr\/wp-content\/uploads\/2022\/10\/Andro3.jpeg\" \/>\n\t<meta property=\"og:image:width\" content=\"1200\" \/>\n\t<meta property=\"og:image:height\" content=\"1197\" \/>\n\t<meta property=\"og:image:type\" content=\"image\/jpeg\" \/>\n<meta name=\"twitter:card\" content=\"summary_large_image\" \/>\n<meta name=\"twitter:label1\" content=\"Est. reading time\" \/>\n\t<meta name=\"twitter:data1\" content=\"1 minute\" \/>\n<script type=\"application\/ld+json\" class=\"yoast-schema-graph\">{\"@context\":\"https:\\\/\\\/schema.org\",\"@graph\":[{\"@type\":\"WebPage\",\"@id\":\"https:\\\/\\\/www.antifrost.gr\\\/index.php\\\/product\\\/mmmd-andromache\\\/\",\"url\":\"https:\\\/\\\/www.antifrost.gr\\\/index.php\\\/product\\\/mmmd-andromache\\\/\",\"name\":\"MMMD - Andromache - Antifrost\",\"isPartOf\":{\"@id\":\"https:\\\/\\\/www.antifrost.gr\\\/#website\"},\"primaryImageOfPage\":{\"@id\":\"https:\\\/\\\/www.antifrost.gr\\\/index.php\\\/product\\\/mmmd-andromache\\\/#primaryimage\"},\"image\":{\"@id\":\"https:\\\/\\\/www.antifrost.gr\\\/index.php\\\/product\\\/mmmd-andromache\\\/#primaryimage\"},\"thumbnailUrl\":\"https:\\\/\\\/www.antifrost.gr\\\/wp-content\\\/uploads\\\/2022\\\/10\\\/Andro3.jpeg\",\"datePublished\":\"2022-10-17T19:28:33+00:00\",\"dateModified\":\"2023-11-26T13:32:23+00:00\",\"breadcrumb\":{\"@id\":\"https:\\\/\\\/www.antifrost.gr\\\/index.php\\\/product\\\/mmmd-andromache\\\/#breadcrumb\"},\"inLanguage\":\"en-US\",\"potentialAction\":[{\"@type\":\"ReadAction\",\"target\":[\"https:\\\/\\\/www.antifrost.gr\\\/index.php\\\/product\\\/mmmd-andromache\\\/\"]}]},{\"@type\":\"ImageObject\",\"inLanguage\":\"en-US\",\"@id\":\"https:\\\/\\\/www.antifrost.gr\\\/index.php\\\/product\\\/mmmd-andromache\\\/#primaryimage\",\"url\":\"https:\\\/\\\/www.antifrost.gr\\\/wp-content\\\/uploads\\\/2022\\\/10\\\/Andro3.jpeg\",\"contentUrl\":\"https:\\\/\\\/www.antifrost.gr\\\/wp-content\\\/uploads\\\/2022\\\/10\\\/Andro3.jpeg\",\"width\":1200,\"height\":1197},{\"@type\":\"BreadcrumbList\",\"@id\":\"https:\\\/\\\/www.antifrost.gr\\\/index.php\\\/product\\\/mmmd-andromache\\\/#breadcrumb\",\"itemListElement\":[{\"@type\":\"ListItem\",\"position\":1,\"name\":\"Home\",\"item\":\"https:\\\/\\\/www.antifrost.gr\\\/\"},{\"@type\":\"ListItem\",\"position\":2,\"name\":\"MMMD &#8211; Andromache\"}]},{\"@type\":\"WebSite\",\"@id\":\"https:\\\/\\\/www.antifrost.gr\\\/#website\",\"url\":\"https:\\\/\\\/www.antifrost.gr\\\/\",\"name\":\"Antifrost\",\"description\":\"\",\"publisher\":{\"@id\":\"https:\\\/\\\/www.antifrost.gr\\\/#organization\"},\"potentialAction\":[{\"@type\":\"SearchAction\",\"target\":{\"@type\":\"EntryPoint\",\"urlTemplate\":\"https:\\\/\\\/www.antifrost.gr\\\/?s={search_term_string}\"},\"query-input\":{\"@type\":\"PropertyValueSpecification\",\"valueRequired\":true,\"valueName\":\"search_term_string\"}}],\"inLanguage\":\"en-US\"},{\"@type\":\"Organization\",\"@id\":\"https:\\\/\\\/www.antifrost.gr\\\/#organization\",\"name\":\"Antifrost\",\"url\":\"https:\\\/\\\/www.antifrost.gr\\\/\",\"logo\":{\"@type\":\"ImageObject\",\"inLanguage\":\"en-US\",\"@id\":\"https:\\\/\\\/www.antifrost.gr\\\/#\\\/schema\\\/logo\\\/image\\\/\",\"url\":\"https:\\\/\\\/www.antifrost.gr\\\/wp-content\\\/uploads\\\/2022\\\/10\\\/AntifrostLOGO300.png\",\"contentUrl\":\"https:\\\/\\\/www.antifrost.gr\\\/wp-content\\\/uploads\\\/2022\\\/10\\\/AntifrostLOGO300.png\",\"width\":300,\"height\":80,\"caption\":\"Antifrost\"},\"image\":{\"@id\":\"https:\\\/\\\/www.antifrost.gr\\\/#\\\/schema\\\/logo\\\/image\\\/\"}}]}<\/script>\n<!-- \/ Yoast SEO plugin. -->","yoast_head_json":{"title":"MMMD - Andromache - Antifrost","robots":{"index":"index","follow":"follow","max-snippet":"max-snippet:-1","max-image-preview":"max-image-preview:large","max-video-preview":"max-video-preview:-1"},"canonical":"https:\/\/www.antifrost.gr\/index.php\/product\/mmmd-andromache\/","og_locale":"en_US","og_type":"article","og_title":"MMMD - Andromache - Antifrost","og_description":"Afro 2076  Cassette  Digital","og_url":"https:\/\/www.antifrost.gr\/index.php\/product\/mmmd-andromache\/","og_site_name":"Antifrost","article_modified_time":"2023-11-26T13:32:23+00:00","og_image":[{"width":1200,"height":1197,"url":"https:\/\/www.antifrost.gr\/wp-content\/uploads\/2022\/10\/Andro3.jpeg","type":"image\/jpeg"}],"twitter_card":"summary_large_image","twitter_misc":{"Est. reading time":"1 minute"},"schema":{"@context":"https:\/\/schema.org","@graph":[{"@type":"WebPage","@id":"https:\/\/www.antifrost.gr\/index.php\/product\/mmmd-andromache\/","url":"https:\/\/www.antifrost.gr\/index.php\/product\/mmmd-andromache\/","name":"MMMD - Andromache - Antifrost","isPartOf":{"@id":"https:\/\/www.antifrost.gr\/#website"},"primaryImageOfPage":{"@id":"https:\/\/www.antifrost.gr\/index.php\/product\/mmmd-andromache\/#primaryimage"},"image":{"@id":"https:\/\/www.antifrost.gr\/index.php\/product\/mmmd-andromache\/#primaryimage"},"thumbnailUrl":"https:\/\/www.antifrost.gr\/wp-content\/uploads\/2022\/10\/Andro3.jpeg","datePublished":"2022-10-17T19:28:33+00:00","dateModified":"2023-11-26T13:32:23+00:00","breadcrumb":{"@id":"https:\/\/www.antifrost.gr\/index.php\/product\/mmmd-andromache\/#breadcrumb"},"inLanguage":"en-US","potentialAction":[{"@type":"ReadAction","target":["https:\/\/www.antifrost.gr\/index.php\/product\/mmmd-andromache\/"]}]},{"@type":"ImageObject","inLanguage":"en-US","@id":"https:\/\/www.antifrost.gr\/index.php\/product\/mmmd-andromache\/#primaryimage","url":"https:\/\/www.antifrost.gr\/wp-content\/uploads\/2022\/10\/Andro3.jpeg","contentUrl":"https:\/\/www.antifrost.gr\/wp-content\/uploads\/2022\/10\/Andro3.jpeg","width":1200,"height":1197},{"@type":"BreadcrumbList","@id":"https:\/\/www.antifrost.gr\/index.php\/product\/mmmd-andromache\/#breadcrumb","itemListElement":[{"@type":"ListItem","position":1,"name":"Home","item":"https:\/\/www.antifrost.gr\/"},{"@type":"ListItem","position":2,"name":"MMMD &#8211; Andromache"}]},{"@type":"WebSite","@id":"https:\/\/www.antifrost.gr\/#website","url":"https:\/\/www.antifrost.gr\/","name":"Antifrost","description":"","publisher":{"@id":"https:\/\/www.antifrost.gr\/#organization"},"potentialAction":[{"@type":"SearchAction","target":{"@type":"EntryPoint","urlTemplate":"https:\/\/www.antifrost.gr\/?s={search_term_string}"},"query-input":{"@type":"PropertyValueSpecification","valueRequired":true,"valueName":"search_term_string"}}],"inLanguage":"en-US"},{"@type":"Organization","@id":"https:\/\/www.antifrost.gr\/#organization","name":"Antifrost","url":"https:\/\/www.antifrost.gr\/","logo":{"@type":"ImageObject","inLanguage":"en-US","@id":"https:\/\/www.antifrost.gr\/#\/schema\/logo\/image\/","url":"https:\/\/www.antifrost.gr\/wp-content\/uploads\/2022\/10\/AntifrostLOGO300.png","contentUrl":"https:\/\/www.antifrost.gr\/wp-content\/uploads\/2022\/10\/AntifrostLOGO300.png","width":300,"height":80,"caption":"Antifrost"},"image":{"@id":"https:\/\/www.antifrost.gr\/#\/schema\/logo\/image\/"}}]}},"_links":{"self":[{"href":"https:\/\/www.antifrost.gr\/index.php\/wp-json\/wp\/v2\/product\/590","targetHints":{"allow":["GET"]}}],"collection":[{"href":"https:\/\/www.antifrost.gr\/index.php\/wp-json\/wp\/v2\/product"}],"about":[{"href":"https:\/\/www.antifrost.gr\/index.php\/wp-json\/wp\/v2\/types\/product"}],"wp:featuredmedia":[{"embeddable":true,"href":"https:\/\/www.antifrost.gr\/index.php\/wp-json\/wp\/v2\/media\/593"}],"wp:attachment":[{"href":"https:\/\/www.antifrost.gr\/index.php\/wp-json\/wp\/v2\/media?parent=590"}],"wp:term":[{"taxonomy":"product_brand","embeddable":true,"href":"https:\/\/www.antifrost.gr\/index.php\/wp-json\/wp\/v2\/product_brand?post=590"},{"taxonomy":"product_cat","embeddable":true,"href":"https:\/\/www.antifrost.gr\/index.php\/wp-json\/wp\/v2\/product_cat?post=590"},{"taxonomy":"product_tag","embeddable":true,"href":"https:\/\/www.antifrost.gr\/index.php\/wp-json\/wp\/v2\/product_tag?post=590"}],"curies":[{"name":"wp","href":"https:\/\/api.w.org\/{rel}","templated":true}]}}