{"id":393,"date":"2022-10-13T09:58:15","date_gmt":"2022-10-13T06:58:15","guid":{"rendered":"http:\/\/212.83.131.190\/antifrostnew\/?post_type=product&#038;p=393"},"modified":"2024-10-31T23:28:14","modified_gmt":"2024-10-31T20:28:14","slug":"mmmd-pekisyon-funebri","status":"publish","type":"product","link":"https:\/\/www.antifrost.gr\/index.php\/product\/mmmd-pekisyon-funebri\/","title":{"rendered":"MMMD &#8211; P\u00e8kisyon Funebri"},"content":{"rendered":"<p>Released October 2016<\/p>\n<p>Leaving behind their folk based trilogy, Mohammad returned to their own original material. Heavy and concentrated, majestic and dark, ethereal and subtle, P\u00e8kisyon Funebri marks a new era in Mohammad\u2019s existence, unfolding earthly murmurs and ghostly chants over their distinctive seismic diapasons. An exhilarating procession through highly charged sonic plateaus, from the burning core to the silent skies.<\/p>\n<p>Track list<\/p>\n<ul>\n<li>Az \u00e1lmok itt \u00e9rnek v\u00e9get (r\u00e9sz 1)<\/li>\n<li>Qoxra<\/li>\n<li>Sorsa<\/li>\n<li>Malproksime<\/li>\n<li>Az \u00e1lmok itt \u00e9rnek v\u00e9get (r\u00e9sz 2)<\/li>\n<li>Az \u00e1lmok itt \u00e9rnek v\u00e9get (r\u00e9sz 3)<\/li>\n<li>Erdia Da<\/li>\n<\/ul>\n","protected":false},"excerpt":{"rendered":"<p>Afro 2071-73<br \/>\n<span style=\"color: #29aae2;\">Vinyl Box Set 3&#215;10&#8243;\u00a0 [acf field=\"vinyl\"]<br \/>\nCD\u00a0 [acf field=\"cd\"]<\/span><span style=\"color: #29aae2;\"><br \/>\nDigital\u00a0 [acf field=\"digital\"]<br \/>\n<\/span><\/p>\n<p><a href=\"https:\/\/mohammadsound.bandcamp.com\/album\/p-kisyon-funebri\" target=\"_blank\" rel=\"noopener\"><img decoding=\"async\" class=\"alignnone wp-image-471 size-full\" src=\"http:\/\/www.antifrost.gr\/wp-content\/uploads\/2022\/10\/BuyButton.png\" alt=\"\" width=\"100\" height=\"25\" \/><\/a><\/p>\n","protected":false},"featured_media":545,"template":"","meta":{"_acf_changed":false},"product_brand":[],"product_cat":[28,35,27],"product_tag":[92,38,39,37,30,36],"class_list":{"0":"post-393","1":"product","2":"type-product","3":"status-publish","4":"has-post-thumbnail","6":"product_cat-cd","7":"product_cat-digital","8":"product_cat-vinyl","9":"product_tag-antifrost","10":"product_tag-contemporary","11":"product_tag-doom","12":"product_tag-drone","13":"product_tag-experimental","14":"product_tag-mmmd","16":"first","17":"instock","18":"featured","19":"shipping-taxable","20":"purchasable","21":"product-type-simple"},"acf":[],"yoast_head":"<!-- This site is optimized with the Yoast SEO plugin v27.6 - https:\/\/yoast.com\/product\/yoast-seo-wordpress\/ -->\n<title>MMMD - P\u00e8kisyon Funebri - Antifrost<\/title>\n<meta name=\"robots\" content=\"index, follow, max-snippet:-1, max-image-preview:large, max-video-preview:-1\" \/>\n<link rel=\"canonical\" href=\"https:\/\/www.antifrost.gr\/index.php\/product\/mmmd-pekisyon-funebri\/\" \/>\n<meta property=\"og:locale\" content=\"en_US\" \/>\n<meta property=\"og:type\" content=\"article\" \/>\n<meta property=\"og:title\" content=\"MMMD - P\u00e8kisyon Funebri - Antifrost\" \/>\n<meta property=\"og:description\" content=\"Afro 2071-73 Vinyl Box Set 3x10&quot;\u00a0  CD\u00a0  Digital\u00a0\" \/>\n<meta property=\"og:url\" content=\"https:\/\/www.antifrost.gr\/index.php\/product\/mmmd-pekisyon-funebri\/\" \/>\n<meta property=\"og:site_name\" content=\"Antifrost\" \/>\n<meta property=\"article:modified_time\" content=\"2024-10-31T20:28:14+00:00\" \/>\n<meta property=\"og:image\" content=\"http:\/\/www.antifrost.gr\/wp-content\/uploads\/2022\/10\/2071343000.jpg\" \/>\n\t<meta property=\"og:image:width\" content=\"3000\" \/>\n\t<meta property=\"og:image:height\" content=\"3000\" \/>\n\t<meta property=\"og:image:type\" content=\"image\/jpeg\" \/>\n<meta name=\"twitter:card\" content=\"summary_large_image\" \/>\n<meta name=\"twitter:label1\" content=\"Est. reading time\" \/>\n\t<meta name=\"twitter:data1\" content=\"1 minute\" \/>\n<script type=\"application\/ld+json\" class=\"yoast-schema-graph\">{\"@context\":\"https:\\\/\\\/schema.org\",\"@graph\":[{\"@type\":\"WebPage\",\"@id\":\"https:\\\/\\\/www.antifrost.gr\\\/index.php\\\/product\\\/mmmd-pekisyon-funebri\\\/\",\"url\":\"https:\\\/\\\/www.antifrost.gr\\\/index.php\\\/product\\\/mmmd-pekisyon-funebri\\\/\",\"name\":\"MMMD - P\u00e8kisyon Funebri - Antifrost\",\"isPartOf\":{\"@id\":\"https:\\\/\\\/www.antifrost.gr\\\/#website\"},\"primaryImageOfPage\":{\"@id\":\"https:\\\/\\\/www.antifrost.gr\\\/index.php\\\/product\\\/mmmd-pekisyon-funebri\\\/#primaryimage\"},\"image\":{\"@id\":\"https:\\\/\\\/www.antifrost.gr\\\/index.php\\\/product\\\/mmmd-pekisyon-funebri\\\/#primaryimage\"},\"thumbnailUrl\":\"https:\\\/\\\/www.antifrost.gr\\\/wp-content\\\/uploads\\\/2022\\\/10\\\/2071343000.jpg\",\"datePublished\":\"2022-10-13T06:58:15+00:00\",\"dateModified\":\"2024-10-31T20:28:14+00:00\",\"breadcrumb\":{\"@id\":\"https:\\\/\\\/www.antifrost.gr\\\/index.php\\\/product\\\/mmmd-pekisyon-funebri\\\/#breadcrumb\"},\"inLanguage\":\"en-US\",\"potentialAction\":[{\"@type\":\"ReadAction\",\"target\":[\"https:\\\/\\\/www.antifrost.gr\\\/index.php\\\/product\\\/mmmd-pekisyon-funebri\\\/\"]}]},{\"@type\":\"ImageObject\",\"inLanguage\":\"en-US\",\"@id\":\"https:\\\/\\\/www.antifrost.gr\\\/index.php\\\/product\\\/mmmd-pekisyon-funebri\\\/#primaryimage\",\"url\":\"https:\\\/\\\/www.antifrost.gr\\\/wp-content\\\/uploads\\\/2022\\\/10\\\/2071343000.jpg\",\"contentUrl\":\"https:\\\/\\\/www.antifrost.gr\\\/wp-content\\\/uploads\\\/2022\\\/10\\\/2071343000.jpg\",\"width\":3000,\"height\":3000,\"caption\":\"P\u00e8kisyon Funebri 3x10\\\" box\"},{\"@type\":\"BreadcrumbList\",\"@id\":\"https:\\\/\\\/www.antifrost.gr\\\/index.php\\\/product\\\/mmmd-pekisyon-funebri\\\/#breadcrumb\",\"itemListElement\":[{\"@type\":\"ListItem\",\"position\":1,\"name\":\"Home\",\"item\":\"https:\\\/\\\/www.antifrost.gr\\\/\"},{\"@type\":\"ListItem\",\"position\":2,\"name\":\"MMMD &#8211; P\u00e8kisyon Funebri\"}]},{\"@type\":\"WebSite\",\"@id\":\"https:\\\/\\\/www.antifrost.gr\\\/#website\",\"url\":\"https:\\\/\\\/www.antifrost.gr\\\/\",\"name\":\"Antifrost\",\"description\":\"\",\"publisher\":{\"@id\":\"https:\\\/\\\/www.antifrost.gr\\\/#organization\"},\"potentialAction\":[{\"@type\":\"SearchAction\",\"target\":{\"@type\":\"EntryPoint\",\"urlTemplate\":\"https:\\\/\\\/www.antifrost.gr\\\/?s={search_term_string}\"},\"query-input\":{\"@type\":\"PropertyValueSpecification\",\"valueRequired\":true,\"valueName\":\"search_term_string\"}}],\"inLanguage\":\"en-US\"},{\"@type\":\"Organization\",\"@id\":\"https:\\\/\\\/www.antifrost.gr\\\/#organization\",\"name\":\"Antifrost\",\"url\":\"https:\\\/\\\/www.antifrost.gr\\\/\",\"logo\":{\"@type\":\"ImageObject\",\"inLanguage\":\"en-US\",\"@id\":\"https:\\\/\\\/www.antifrost.gr\\\/#\\\/schema\\\/logo\\\/image\\\/\",\"url\":\"https:\\\/\\\/www.antifrost.gr\\\/wp-content\\\/uploads\\\/2022\\\/10\\\/AntifrostLOGO300.png\",\"contentUrl\":\"https:\\\/\\\/www.antifrost.gr\\\/wp-content\\\/uploads\\\/2022\\\/10\\\/AntifrostLOGO300.png\",\"width\":300,\"height\":80,\"caption\":\"Antifrost\"},\"image\":{\"@id\":\"https:\\\/\\\/www.antifrost.gr\\\/#\\\/schema\\\/logo\\\/image\\\/\"}}]}<\/script>\n<!-- \/ Yoast SEO plugin. -->","yoast_head_json":{"title":"MMMD - P\u00e8kisyon Funebri - Antifrost","robots":{"index":"index","follow":"follow","max-snippet":"max-snippet:-1","max-image-preview":"max-image-preview:large","max-video-preview":"max-video-preview:-1"},"canonical":"https:\/\/www.antifrost.gr\/index.php\/product\/mmmd-pekisyon-funebri\/","og_locale":"en_US","og_type":"article","og_title":"MMMD - P\u00e8kisyon Funebri - Antifrost","og_description":"Afro 2071-73 Vinyl Box Set 3x10\"\u00a0  CD\u00a0  Digital\u00a0","og_url":"https:\/\/www.antifrost.gr\/index.php\/product\/mmmd-pekisyon-funebri\/","og_site_name":"Antifrost","article_modified_time":"2024-10-31T20:28:14+00:00","og_image":[{"width":3000,"height":3000,"url":"http:\/\/www.antifrost.gr\/wp-content\/uploads\/2022\/10\/2071343000.jpg","type":"image\/jpeg"}],"twitter_card":"summary_large_image","twitter_misc":{"Est. reading time":"1 minute"},"schema":{"@context":"https:\/\/schema.org","@graph":[{"@type":"WebPage","@id":"https:\/\/www.antifrost.gr\/index.php\/product\/mmmd-pekisyon-funebri\/","url":"https:\/\/www.antifrost.gr\/index.php\/product\/mmmd-pekisyon-funebri\/","name":"MMMD - P\u00e8kisyon Funebri - Antifrost","isPartOf":{"@id":"https:\/\/www.antifrost.gr\/#website"},"primaryImageOfPage":{"@id":"https:\/\/www.antifrost.gr\/index.php\/product\/mmmd-pekisyon-funebri\/#primaryimage"},"image":{"@id":"https:\/\/www.antifrost.gr\/index.php\/product\/mmmd-pekisyon-funebri\/#primaryimage"},"thumbnailUrl":"https:\/\/www.antifrost.gr\/wp-content\/uploads\/2022\/10\/2071343000.jpg","datePublished":"2022-10-13T06:58:15+00:00","dateModified":"2024-10-31T20:28:14+00:00","breadcrumb":{"@id":"https:\/\/www.antifrost.gr\/index.php\/product\/mmmd-pekisyon-funebri\/#breadcrumb"},"inLanguage":"en-US","potentialAction":[{"@type":"ReadAction","target":["https:\/\/www.antifrost.gr\/index.php\/product\/mmmd-pekisyon-funebri\/"]}]},{"@type":"ImageObject","inLanguage":"en-US","@id":"https:\/\/www.antifrost.gr\/index.php\/product\/mmmd-pekisyon-funebri\/#primaryimage","url":"https:\/\/www.antifrost.gr\/wp-content\/uploads\/2022\/10\/2071343000.jpg","contentUrl":"https:\/\/www.antifrost.gr\/wp-content\/uploads\/2022\/10\/2071343000.jpg","width":3000,"height":3000,"caption":"P\u00e8kisyon Funebri 3x10\" box"},{"@type":"BreadcrumbList","@id":"https:\/\/www.antifrost.gr\/index.php\/product\/mmmd-pekisyon-funebri\/#breadcrumb","itemListElement":[{"@type":"ListItem","position":1,"name":"Home","item":"https:\/\/www.antifrost.gr\/"},{"@type":"ListItem","position":2,"name":"MMMD &#8211; P\u00e8kisyon Funebri"}]},{"@type":"WebSite","@id":"https:\/\/www.antifrost.gr\/#website","url":"https:\/\/www.antifrost.gr\/","name":"Antifrost","description":"","publisher":{"@id":"https:\/\/www.antifrost.gr\/#organization"},"potentialAction":[{"@type":"SearchAction","target":{"@type":"EntryPoint","urlTemplate":"https:\/\/www.antifrost.gr\/?s={search_term_string}"},"query-input":{"@type":"PropertyValueSpecification","valueRequired":true,"valueName":"search_term_string"}}],"inLanguage":"en-US"},{"@type":"Organization","@id":"https:\/\/www.antifrost.gr\/#organization","name":"Antifrost","url":"https:\/\/www.antifrost.gr\/","logo":{"@type":"ImageObject","inLanguage":"en-US","@id":"https:\/\/www.antifrost.gr\/#\/schema\/logo\/image\/","url":"https:\/\/www.antifrost.gr\/wp-content\/uploads\/2022\/10\/AntifrostLOGO300.png","contentUrl":"https:\/\/www.antifrost.gr\/wp-content\/uploads\/2022\/10\/AntifrostLOGO300.png","width":300,"height":80,"caption":"Antifrost"},"image":{"@id":"https:\/\/www.antifrost.gr\/#\/schema\/logo\/image\/"}}]}},"_links":{"self":[{"href":"https:\/\/www.antifrost.gr\/index.php\/wp-json\/wp\/v2\/product\/393","targetHints":{"allow":["GET"]}}],"collection":[{"href":"https:\/\/www.antifrost.gr\/index.php\/wp-json\/wp\/v2\/product"}],"about":[{"href":"https:\/\/www.antifrost.gr\/index.php\/wp-json\/wp\/v2\/types\/product"}],"wp:featuredmedia":[{"embeddable":true,"href":"https:\/\/www.antifrost.gr\/index.php\/wp-json\/wp\/v2\/media\/545"}],"wp:attachment":[{"href":"https:\/\/www.antifrost.gr\/index.php\/wp-json\/wp\/v2\/media?parent=393"}],"wp:term":[{"taxonomy":"product_brand","embeddable":true,"href":"https:\/\/www.antifrost.gr\/index.php\/wp-json\/wp\/v2\/product_brand?post=393"},{"taxonomy":"product_cat","embeddable":true,"href":"https:\/\/www.antifrost.gr\/index.php\/wp-json\/wp\/v2\/product_cat?post=393"},{"taxonomy":"product_tag","embeddable":true,"href":"https:\/\/www.antifrost.gr\/index.php\/wp-json\/wp\/v2\/product_tag?post=393"}],"curies":[{"name":"wp","href":"https:\/\/api.w.org\/{rel}","templated":true}]}}